{"id":78,"date":"2016-06-10T22:34:18","date_gmt":"2016-06-10T19:34:18","guid":{"rendered":"http:\/\/otspuu.ee\/?page_id=78"},"modified":"2018-01-28T21:41:40","modified_gmt":"2018-01-28T19:41:40","slug":"kontakt","status":"publish","type":"page","link":"https:\/\/otspuu.ee\/en\/kontakt\/","title":{"rendered":"CONTACT"},"content":{"rendered":"<div id=\"pl-78\"  class=\"panel-layout\" ><div id=\"pg-78-0\"  class=\"panel-grid panel-no-style\" ><div id=\"pgc-78-0-0\"  class=\"panel-grid-cell\" ><div id=\"panel-78-0-0-0\" class=\"so-panel widget widget_sow-editor panel-first-child panel-last-child\" data-index=\"0\" ><div class=\"so-widget-sow-editor so-widget-sow-editor-base\">\n<div class=\"siteorigin-widget-tinymce textwidget\">\n\t<h1><img loading=\"lazy\" decoding=\"async\" class=\"img-responsive wp-image-55 size-large aligncenter\" src=\"http:\/\/otspuu.ee\/wp-content\/uploads\/2016\/06\/SILT-4-1-1024x302.jpg\" alt=\"SILT 4\" width=\"720\" height=\"212\" srcset=\"https:\/\/otspuu.ee\/wp-content\/uploads\/2016\/06\/SILT-4-1-1024x302.jpg 1024w, https:\/\/otspuu.ee\/wp-content\/uploads\/2016\/06\/SILT-4-1-150x44.jpg 150w, https:\/\/otspuu.ee\/wp-content\/uploads\/2016\/06\/SILT-4-1-300x89.jpg 300w\" sizes=\"auto, (max-width: 720px) 100vw, 720px\" \/><\/h1>\n<\/div>\n<\/div><\/div><\/div><\/div><div id=\"pg-78-1\"  class=\"panel-grid panel-no-style\" ><div id=\"pgc-78-1-0\"  class=\"panel-grid-cell panel-grid-cell-empty\" ><\/div><div id=\"pgc-78-1-1\"  class=\"panel-grid-cell\" ><div id=\"panel-78-1-1-0\" class=\"so-panel widget widget_sow-editor panel-first-child\" data-index=\"1\" ><div class=\"so-widget-sow-editor so-widget-sow-editor-base\">\n<div class=\"siteorigin-widget-tinymce textwidget\">\n\t<h4 style=\"text-align: right;\"><span class=\"style30\">Reg. nr. 11205219<br \/>Km. nr. EE101239152<\/span><\/h4>\n<\/div>\n<\/div><\/div><div id=\"panel-78-1-1-1\" class=\"so-panel widget widget_sow-editor\" data-index=\"2\" ><div class=\"so-widget-sow-editor so-widget-sow-editor-base\">\n<div class=\"siteorigin-widget-tinymce textwidget\">\n\t<h4 style=\"text-align: right;\"><span class=\"style30\"><span class=\"style30\">K\u00fclaoru k\u00fcla<br \/>V\u00f5ru vald<br \/>V\u00f5rumaa<br \/>65223<\/span><\/span><\/h4>\n<\/div>\n<\/div><\/div><div id=\"panel-78-1-1-2\" class=\"so-panel widget widget_sow-editor panel-last-child\" data-index=\"3\" ><div class=\"so-widget-sow-editor so-widget-sow-editor-base\">\n<div class=\"siteorigin-widget-tinymce textwidget\">\n\t<h4 style=\"text-align: right;\"><strong><span class=\"style29\">HANNES OTS<\/span><\/strong><span class=\"style30\"><br \/>+372 52 82 143<br \/>hannes@otspuu.ee<\/span><\/h4>\n<\/div>\n<\/div><\/div><\/div><div id=\"pgc-78-1-2\"  class=\"panel-grid-cell panel-grid-cell-empty\" ><\/div><div id=\"pgc-78-1-3\"  class=\"panel-grid-cell\" ><div id=\"panel-78-1-3-0\" class=\"so-panel widget widget_text panel-first-child\" data-index=\"4\" >\t\t\t<div class=\"textwidget\"><\/div>\n\t\t<\/div><div id=\"panel-78-1-3-1\" class=\"so-panel widget widget_fbw_id panel-last-child\" data-index=\"5\" ><div class=\"fb_loader\" style=\"text-align: center !important;\"><img decoding=\"async\" src=\"https:\/\/otspuu.ee\/wp-content\/plugins\/facebook-pagelike-widget\/loader.gif\" alt=\"Facebook Pagelike Widget\" \/><\/div><div id=\"fb-root\"><\/div>\n        <div class=\"fb-page\" data-href=\"https:\/\/www.facebook.com\/otspuu.ee \" data-width=\"300\" data-height=\"500\" data-small-header=\"false\" data-adapt-container-width=\"false\" data-hide-cover=\"false\" data-show-facepile=\"true\" data-show-posts=\"false\" style=\"\" hide_cta=\"false\" data-tabs=\"\"><\/div><\/div>        <!-- A WordPress plugin developed by Milap Patel -->\n    <\/div><\/div><div id=\"pg-78-2\"  class=\"panel-grid panel-no-style\" ><div id=\"pgc-78-2-0\"  class=\"panel-grid-cell\" ><div id=\"panel-78-2-0-0\" class=\"widget_text so-panel widget widget_custom_html panel-first-child panel-last-child\" data-index=\"6\" ><div class=\"textwidget custom-html-widget\"><iframe loading=\"lazy\" src=\"https:\/\/www.google.com\/maps\/embed?pb=!1m18!1m12!1m3!1d2129.1144379896878!2d27.260091815837555!3d57.748480843787554!2m3!1f0!2f0!3f0!3m2!1i1024!2i768!4f13.1!3m3!1m2!1s0x46eaf318deadf8b9%3A0x59cd5de97f41c95b!2zT3RzIFB1dXTDtsO2a29kYSBPw5w!5e0!3m2!1sen!2see!4v1517167019716\" width=\"1200\" height=\"600\" frameborder=\"0\" style=\"border:0\" allowfullscreen><\/iframe><\/div><\/div><\/div><\/div><\/div>","protected":false},"excerpt":{"rendered":"<p>Reg. nr. 11205219Km. nr. EE101239152 K\u00fclaoru k\u00fclaV\u00f5ru valdV\u00f5rumaa65223 HANNES OTS+372 52 82 143hannes@otspuu.ee<\/p>\n","protected":false},"author":1,"featured_media":4484,"parent":0,"menu_order":0,"comment_status":"closed","ping_status":"closed","template":"","meta":{"ngg_post_thumbnail":0,"footnotes":""},"class_list":["post-78","page","type-page","status-publish","has-post-thumbnail","hentry"],"_links":{"self":[{"href":"https:\/\/otspuu.ee\/en\/wp-json\/wp\/v2\/pages\/78","targetHints":{"allow":["GET"]}}],"collection":[{"href":"https:\/\/otspuu.ee\/en\/wp-json\/wp\/v2\/pages"}],"about":[{"href":"https:\/\/otspuu.ee\/en\/wp-json\/wp\/v2\/types\/page"}],"author":[{"embeddable":true,"href":"https:\/\/otspuu.ee\/en\/wp-json\/wp\/v2\/users\/1"}],"replies":[{"embeddable":true,"href":"https:\/\/otspuu.ee\/en\/wp-json\/wp\/v2\/comments?post=78"}],"version-history":[{"count":30,"href":"https:\/\/otspuu.ee\/en\/wp-json\/wp\/v2\/pages\/78\/revisions"}],"predecessor-version":[{"id":86,"href":"https:\/\/otspuu.ee\/en\/wp-json\/wp\/v2\/pages\/78\/revisions\/86"}],"wp:featuredmedia":[{"embeddable":true,"href":"https:\/\/otspuu.ee\/en\/wp-json\/wp\/v2\/media\/4484"}],"wp:attachment":[{"href":"https:\/\/otspuu.ee\/en\/wp-json\/wp\/v2\/media?parent=78"}],"curies":[{"name":"wp","href":"https:\/\/api.w.org\/{rel}","templated":true}]}}