{"id":76,"date":"2016-06-10T22:33:45","date_gmt":"2016-06-10T19:33:45","guid":{"rendered":"http:\/\/otspuu.ee\/?page_id=76"},"modified":"2016-11-05T13:36:14","modified_gmt":"2016-11-05T11:36:14","slug":"puukuju","status":"publish","type":"page","link":"https:\/\/otspuu.ee\/en\/puukuju\/","title":{"rendered":"PUUKUJU &#8211; wood sculpture festival"},"content":{"rendered":"<p><span class=\"style31\">OTS PUUT\u00d6\u00d6KODA O\u00dc<\/span> has organized international wood sculpture festival <span class=\"style31\">\u201ePUUKUJU\u201c<\/span> (&#8220;Sculpture from wood&#8221;) since the year 1998.<\/p>\n<div id=\"content\">\n<div id=\"back\">\n<div id=\"main\">\n<div id=\"left\">\n<div id=\"jutt\" class=\"title_back style7\">\n<p class=\"style32\">Every year in the end of June wood artists come together in a small village called K\u00fclaoru. During 5 days artists make their wood sculptures. We as organizers offer them free catering, camping place, sauna, petrol and oil for the saw, electricity and compressed air for cleaning the tools.<\/p>\n<p class=\"style32\">People can also take part of this festival. One day is called <span class=\"style31\">\u201eRahvap\u00e4ev\u201c<\/span> <span class=\"style31\">\u2013 \u201ePeoples day<\/span>\u201c. On that day everybody can come and see how artists work and talk to them, they can see the sculptures and enjoy some entertainment.<\/p>\n<p class=\"style32\"><span class=\"style31\">\u201ePUUKUJU\u201c<\/span> is sponsored by districts, companies and private persons. Finished wood sculptures are generally gifted to sponsors.<\/p>\n<p class=\"style32\">After 5 days of working there will be an <span class=\"style31\">open air exhebition of wood sculptures<\/span>. Exhebition will be opened during July in the village K\u00fclaoru.<\/p>\n<p><div class=\"ngg-albumoverview\">\n            <div class=\"ngg-album-compact\">\n            <div class=\"ngg-album-compactbox\">\n                <div class=\"ngg-album-link\">\n                                        <a title='Puukuju 2013'\n                       href='https:\/\/otspuu.ee\/en\/puukuju\/nggallery\/puukuju\/Puukuju-2013'>\n                        <img class=\"Thumb\"\n                             alt=\"Puukuju 2013\"\n                             src=\"https:\/\/otspuu.ee\/wp-content\/gallery\/Puukuju-2013\/cache\/DSCN1085.JPG-nggid041412-ngg0dyn-220x140x100-00f0w010c011r110f110r010t010.JPG\"\/>\n                    <\/a>\n                                    <\/div>\n            <\/div>\n                        <h4>\n                <a class='ngg-album-desc' title='Puukuju 2013'\n                       href='https:\/\/otspuu.ee\/en\/puukuju\/nggallery\/puukuju\/Puukuju-2013'style=\"max-width: 240px\">Puukuju 2013<\/a>\n            <\/h4>\n            <p class=\"ngg-album-gallery-image-counter\">\n                                    <strong>15<\/strong>&nbsp;Photos                            <\/p>\n        <\/div>\n            <div class=\"ngg-album-compact\">\n            <div class=\"ngg-album-compactbox\">\n                <div class=\"ngg-album-link\">\n                                        <a title='Puukuju 2012'\n                       href='https:\/\/otspuu.ee\/en\/puukuju\/nggallery\/puukuju\/Puukuju-2012'>\n                        <img class=\"Thumb\"\n                             alt=\"Puukuju 2012\"\n                             src=\"https:\/\/otspuu.ee\/wp-content\/gallery\/Puukuju-2012\/cache\/OTS2450.JPG-nggid041345-ngg0dyn-220x140x100-00f0w010c011r110f110r010t010.JPG\"\/>\n                    <\/a>\n                                    <\/div>\n            <\/div>\n                        <h4>\n                <a class='ngg-album-desc' title='Puukuju 2012'\n                       href='https:\/\/otspuu.ee\/en\/puukuju\/nggallery\/puukuju\/Puukuju-2012'style=\"max-width: 240px\">Puukuju 2012<\/a>\n            <\/h4>\n            <p class=\"ngg-album-gallery-image-counter\">\n                                    <strong>93<\/strong>&nbsp;Photos                            <\/p>\n        <\/div>\n            <div class=\"ngg-album-compact\">\n            <div class=\"ngg-album-compactbox\">\n                <div class=\"ngg-album-link\">\n                                        <a title='Puukuju 2011'\n                       href='https:\/\/otspuu.ee\/en\/puukuju\/nggallery\/puukuju\/Puukuju-2011'>\n                        <img class=\"Thumb\"\n                             alt=\"Puukuju 2011\"\n                             src=\"https:\/\/otspuu.ee\/wp-content\/gallery\/Puukuju-2011\/cache\/03_01.07-89.JPG-nggid041251-ngg0dyn-220x140x100-00f0w010c011r110f110r010t010.JPG\"\/>\n                    <\/a>\n                                    <\/div>\n            <\/div>\n                        <h4>\n                <a class='ngg-album-desc' title='Puukuju 2011'\n                       href='https:\/\/otspuu.ee\/en\/puukuju\/nggallery\/puukuju\/Puukuju-2011'style=\"max-width: 240px\">Puukuju 2011<\/a>\n            <\/h4>\n            <p class=\"ngg-album-gallery-image-counter\">\n                                    <strong>233<\/strong>&nbsp;Photos                            <\/p>\n        <\/div>\n            <div class=\"ngg-album-compact\">\n            <div class=\"ngg-album-compactbox\">\n                <div class=\"ngg-album-link\">\n                                        <a title='Puukuju 2010'\n                       href='https:\/\/otspuu.ee\/en\/puukuju\/nggallery\/puukuju\/Puukuju-2010'>\n                        <img class=\"Thumb\"\n                             alt=\"Puukuju 2010\"\n                             src=\"https:\/\/otspuu.ee\/wp-content\/gallery\/Puukuju-2010\/cache\/OTS_4631_01.JPG-nggid041047-ngg0dyn-220x140x100-00f0w010c011r110f110r010t010.JPG\"\/>\n                    <\/a>\n                                    <\/div>\n            <\/div>\n                        <h4>\n                <a class='ngg-album-desc' title='Puukuju 2010'\n                       href='https:\/\/otspuu.ee\/en\/puukuju\/nggallery\/puukuju\/Puukuju-2010'style=\"max-width: 240px\">Puukuju 2010<\/a>\n            <\/h4>\n            <p class=\"ngg-album-gallery-image-counter\">\n                                    <strong>86<\/strong>&nbsp;Photos                            <\/p>\n        <\/div>\n            <div class=\"ngg-album-compact\">\n            <div class=\"ngg-album-compactbox\">\n                <div class=\"ngg-album-link\">\n                                        <a title='Puukuju 2009'\n                       href='https:\/\/otspuu.ee\/en\/puukuju\/nggallery\/puukuju\/Puukuju-2009'>\n                        <img class=\"Thumb\"\n                             alt=\"Puukuju 2009\"\n                             src=\"https:\/\/otspuu.ee\/wp-content\/gallery\/Puukuju-2009\/cache\/D3X_2945_copy.jpg-nggid041705-ngg0dyn-220x140x100-00f0w010c011r110f110r010t010.jpg\"\/>\n                    <\/a>\n                                    <\/div>\n            <\/div>\n                        <h4>\n                <a class='ngg-album-desc' title='Puukuju 2009'\n                       href='https:\/\/otspuu.ee\/en\/puukuju\/nggallery\/puukuju\/Puukuju-2009'style=\"max-width: 240px\">Puukuju 2009<\/a>\n            <\/h4>\n            <p class=\"ngg-album-gallery-image-counter\">\n                                    <strong>111<\/strong>&nbsp;Photos                            <\/p>\n        <\/div>\n            <div class=\"ngg-album-compact\">\n            <div class=\"ngg-album-compactbox\">\n                <div class=\"ngg-album-link\">\n                                        <a title='Puukuju 2008'\n                       href='https:\/\/otspuu.ee\/en\/puukuju\/nggallery\/puukuju\/Puukuju-2008'>\n                        <img class=\"Thumb\"\n                             alt=\"Puukuju 2008\"\n                             src=\"https:\/\/otspuu.ee\/wp-content\/gallery\/Puukuju-2008\/cache\/OTS0038.JPG-nggid041607-ngg0dyn-220x140x100-00f0w010c011r110f110r010t010.JPG\"\/>\n                    <\/a>\n                                    <\/div>\n            <\/div>\n                        <h4>\n                <a class='ngg-album-desc' title='Puukuju 2008'\n                       href='https:\/\/otspuu.ee\/en\/puukuju\/nggallery\/puukuju\/Puukuju-2008'style=\"max-width: 240px\">Puukuju 2008<\/a>\n            <\/h4>\n            <p class=\"ngg-album-gallery-image-counter\">\n                                    <strong>102<\/strong>&nbsp;Photos                            <\/p>\n        <\/div>\n            <div class=\"ngg-album-compact\">\n            <div class=\"ngg-album-compactbox\">\n                <div class=\"ngg-album-link\">\n                                        <a title='Puukuju 2007'\n                       href='https:\/\/otspuu.ee\/en\/puukuju\/nggallery\/puukuju\/Puukuju-2007'>\n                        <img class=\"Thumb\"\n                             alt=\"Puukuju 2007\"\n                             src=\"https:\/\/otspuu.ee\/wp-content\/gallery\/Puukuju-2007\/cache\/HUX_0036.jpg-nggid041529-ngg0dyn-220x140x100-00f0w010c011r110f110r010t010.jpg\"\/>\n                    <\/a>\n                                    <\/div>\n            <\/div>\n                        <h4>\n                <a class='ngg-album-desc' title='Puukuju 2007'\n                       href='https:\/\/otspuu.ee\/en\/puukuju\/nggallery\/puukuju\/Puukuju-2007'style=\"max-width: 240px\">Puukuju 2007<\/a>\n            <\/h4>\n            <p class=\"ngg-album-gallery-image-counter\">\n                                    <strong>78<\/strong>&nbsp;Photos                            <\/p>\n        <\/div>\n            <div class=\"ngg-album-compact\">\n            <div class=\"ngg-album-compactbox\">\n                <div class=\"ngg-album-link\">\n                                        <a title='Puukuju 2006'\n                       href='https:\/\/otspuu.ee\/en\/puukuju\/nggallery\/puukuju\/Puukuju-2006'>\n                        <img class=\"Thumb\"\n                             alt=\"Puukuju 2006\"\n                             src=\"https:\/\/otspuu.ee\/wp-content\/gallery\/Puukuju-2006\/cache\/Picture-2836.jpg-nggid041496-ngg0dyn-220x140x100-00f0w010c011r110f110r010t010.jpg\"\/>\n                    <\/a>\n                                    <\/div>\n            <\/div>\n                        <h4>\n                <a class='ngg-album-desc' title='Puukuju 2006'\n                       href='https:\/\/otspuu.ee\/en\/puukuju\/nggallery\/puukuju\/Puukuju-2006'style=\"max-width: 240px\">Puukuju 2006<\/a>\n            <\/h4>\n            <p class=\"ngg-album-gallery-image-counter\">\n                                    <strong>94<\/strong>&nbsp;Photos                            <\/p>\n        <\/div>\n        <br class=\"ngg-clear\"\/>\n    <div class='ngg-clear'><\/div><\/div>\n<\/p>\n<\/div>\n<\/div>\n<\/div>\n<\/div>\n<\/div>\n","protected":false},"excerpt":{"rendered":"<p>OTS PUUT\u00d6\u00d6KODA O\u00dc has organized international wood sculpture festival \u201ePUUKUJU\u201c (&#8220;Sculpture from wood&#8221;) since the year 1998. Every year in the end of June wood artists come together in a small village called K\u00fclaoru. During 5 days artists make their<\/p>\n","protected":false},"author":1,"featured_media":4472,"parent":0,"menu_order":0,"comment_status":"closed","ping_status":"closed","template":"","meta":{"ngg_post_thumbnail":0,"footnotes":""},"class_list":["post-76","page","type-page","status-publish","has-post-thumbnail","hentry"],"_links":{"self":[{"href":"https:\/\/otspuu.ee\/en\/wp-json\/wp\/v2\/pages\/76","targetHints":{"allow":["GET"]}}],"collection":[{"href":"https:\/\/otspuu.ee\/en\/wp-json\/wp\/v2\/pages"}],"about":[{"href":"https:\/\/otspuu.ee\/en\/wp-json\/wp\/v2\/types\/page"}],"author":[{"embeddable":true,"href":"https:\/\/otspuu.ee\/en\/wp-json\/wp\/v2\/users\/1"}],"replies":[{"embeddable":true,"href":"https:\/\/otspuu.ee\/en\/wp-json\/wp\/v2\/comments?post=76"}],"version-history":[{"count":9,"href":"https:\/\/otspuu.ee\/en\/wp-json\/wp\/v2\/pages\/76\/revisions"}],"predecessor-version":[{"id":4646,"href":"https:\/\/otspuu.ee\/en\/wp-json\/wp\/v2\/pages\/76\/revisions\/4646"}],"wp:featuredmedia":[{"embeddable":true,"href":"https:\/\/otspuu.ee\/en\/wp-json\/wp\/v2\/media\/4472"}],"wp:attachment":[{"href":"https:\/\/otspuu.ee\/en\/wp-json\/wp\/v2\/media?parent=76"}],"curies":[{"name":"wp","href":"https:\/\/api.w.org\/{rel}","templated":true}]}}