{"id":74,"date":"2016-06-10T22:32:48","date_gmt":"2016-06-10T19:32:48","guid":{"rendered":"http:\/\/otspuu.ee\/?page_id=74"},"modified":"2025-08-15T11:15:09","modified_gmt":"2025-08-15T08:15:09","slug":"tooted","status":"publish","type":"page","link":"http:\/\/otspuu.ee\/en\/tooted\/","title":{"rendered":"PRODUCTS"},"content":{"rendered":"<p><strong>OTS PUUT\u00d6\u00d6KODA O\u00dc<\/strong> honours good design.<\/p>\n<div id=\"content\">\n<div id=\"back\">\n<div id=\"main\">\n<div id=\"left\">\n<div id=\"jutt\" class=\"title_back style7\">\n<p class=\"style32\">We make cooperation with artists and designers. We do both, put their ideas into practise and also construct ideas together. We also involve artists and designers in our work to get better results.<\/p>\n<p class=\"style32\">We are also open to new cooperations with different artists and designers!<\/p>\n<p class=\"style32\">If you are interested in our producs, please contact with us!<\/p>\n<p class=\"style32\">&nbsp;<\/p>\n<\/div>\n<\/div>\n<\/div>\n<\/div>\n<\/div>\n<p>\n","protected":false},"excerpt":{"rendered":"<p>OTS PUUT\u00d6\u00d6KODA O\u00dc honours good design. We make cooperation with artists and designers. We do both, put their ideas into practise and also construct ideas together. We also involve artists and designers in our work to get better results. We<\/p>\n","protected":false},"author":1,"featured_media":4625,"parent":0,"menu_order":0,"comment_status":"closed","ping_status":"closed","template":"","meta":{"ngg_post_thumbnail":0,"footnotes":""},"class_list":["post-74","page","type-page","status-publish","has-post-thumbnail","hentry"],"_links":{"self":[{"href":"http:\/\/otspuu.ee\/en\/wp-json\/wp\/v2\/pages\/74","targetHints":{"allow":["GET"]}}],"collection":[{"href":"http:\/\/otspuu.ee\/en\/wp-json\/wp\/v2\/pages"}],"about":[{"href":"http:\/\/otspuu.ee\/en\/wp-json\/wp\/v2\/types\/page"}],"author":[{"embeddable":true,"href":"http:\/\/otspuu.ee\/en\/wp-json\/wp\/v2\/users\/1"}],"replies":[{"embeddable":true,"href":"http:\/\/otspuu.ee\/en\/wp-json\/wp\/v2\/comments?post=74"}],"version-history":[{"count":17,"href":"http:\/\/otspuu.ee\/en\/wp-json\/wp\/v2\/pages\/74\/revisions"}],"predecessor-version":[{"id":6348,"href":"http:\/\/otspuu.ee\/en\/wp-json\/wp\/v2\/pages\/74\/revisions\/6348"}],"wp:featuredmedia":[{"embeddable":true,"href":"http:\/\/otspuu.ee\/en\/wp-json\/wp\/v2\/media\/4625"}],"wp:attachment":[{"href":"http:\/\/otspuu.ee\/en\/wp-json\/wp\/v2\/media?parent=74"}],"curies":[{"name":"wp","href":"https:\/\/api.w.org\/{rel}","templated":true}]}}