{"id":4432,"date":"2016-11-03T22:14:16","date_gmt":"2016-11-03T20:14:16","guid":{"rendered":"http:\/\/otspuu.ee\/?page_id=4432"},"modified":"2020-03-25T21:12:27","modified_gmt":"2020-03-25T19:12:27","slug":"pesakastipaev","status":"publish","type":"page","link":"http:\/\/otspuu.ee\/en\/pesakastipaev\/","title":{"rendered":"NEST BOX MAKING DAY"},"content":{"rendered":"<p class=\"style32\">OTS PUUT\u00d6\u00d6KODA O\u00dc has organized for a long time NEST BOX MAKING DAY ( &#8220;PESAKASTIP\u00c4EV&#8221;).<\/p>\n<p>Each spring in Vastseliina we offer the opportunity for everybody to make your own a birds nest box. We bring all the materials which are needed for crafting.<\/p>\n<p>Event is free of charge!<\/p>\n<p class=\"style32\"><p>Invalid Displayed Gallery<\/p><\/p>\n","protected":false},"excerpt":{"rendered":"<p>OTS PUUT\u00d6\u00d6KODA O\u00dc has organized for a long time NEST BOX MAKING DAY ( &#8220;PESAKASTIP\u00c4EV&#8221;). Each spring in Vastseliina we offer the opportunity for everybody to make your own a birds nest box. We bring all the materials which are<\/p>\n","protected":false},"author":1,"featured_media":4622,"parent":0,"menu_order":0,"comment_status":"closed","ping_status":"closed","template":"","meta":{"ngg_post_thumbnail":0,"footnotes":""},"class_list":["post-4432","page","type-page","status-publish","has-post-thumbnail","hentry"],"_links":{"self":[{"href":"http:\/\/otspuu.ee\/en\/wp-json\/wp\/v2\/pages\/4432","targetHints":{"allow":["GET"]}}],"collection":[{"href":"http:\/\/otspuu.ee\/en\/wp-json\/wp\/v2\/pages"}],"about":[{"href":"http:\/\/otspuu.ee\/en\/wp-json\/wp\/v2\/types\/page"}],"author":[{"embeddable":true,"href":"http:\/\/otspuu.ee\/en\/wp-json\/wp\/v2\/users\/1"}],"replies":[{"embeddable":true,"href":"http:\/\/otspuu.ee\/en\/wp-json\/wp\/v2\/comments?post=4432"}],"version-history":[{"count":15,"href":"http:\/\/otspuu.ee\/en\/wp-json\/wp\/v2\/pages\/4432\/revisions"}],"predecessor-version":[{"id":6264,"href":"http:\/\/otspuu.ee\/en\/wp-json\/wp\/v2\/pages\/4432\/revisions\/6264"}],"wp:featuredmedia":[{"embeddable":true,"href":"http:\/\/otspuu.ee\/en\/wp-json\/wp\/v2\/media\/4622"}],"wp:attachment":[{"href":"http:\/\/otspuu.ee\/en\/wp-json\/wp\/v2\/media?parent=4432"}],"curies":[{"name":"wp","href":"https:\/\/api.w.org\/{rel}","templated":true}]}}