{"id":2087,"date":"2016-11-03T21:43:38","date_gmt":"2016-11-03T19:43:38","guid":{"rendered":"http:\/\/otspuu.ee\/?page_id=2087"},"modified":"2018-01-28T21:11:54","modified_gmt":"2018-01-28T19:11:54","slug":"jaakuju","status":"publish","type":"page","link":"http:\/\/otspuu.ee\/en\/jaakuju\/","title":{"rendered":"J\u00c4\u00c4KUJU &#8211; ice sculpture festival"},"content":{"rendered":"<p class=\"style32\">OTS PUUT\u00d6\u00d6KODA O\u00dc first time organised the ice sculpture festival &#8220;J\u00c4\u00c4KUJU&#8221; (&#8220;Sculpture from ice&#8221;) on February 2010.<\/p>\n<p class=\"style32\">This is a continue festival for PUUKUJU (wood sculpture festival) in winter.<\/p>\n<p class=\"style32\"><div class=\"ngg-albumoverview\">\n            <div class=\"ngg-album-compact\">\n            <div class=\"ngg-album-compactbox\">\n                <div class=\"ngg-album-link\">\n                                        <a title='J\u00e4\u00e4kuju 2012'\n                       href='http:\/\/otspuu.ee\/en\/jaakuju\/nggallery\/jaakuju\/J\u00e4\u00e4kuju-2012'>\n                        <img class=\"Thumb\"\n                             alt=\"J\u00e4\u00e4kuju 2012\"\n                             src=\"http:\/\/otspuu.ee\/wp-content\/gallery\/J%C3%A4%C3%A4kuju-2012\/cache\/OTS_0109.JPG-nggid041921-ngg0dyn-220x140x100-00f0w010c011r110f110r010t010.JPG\"\/>\n                    <\/a>\n                                    <\/div>\n            <\/div>\n                        <h4>\n                <a class='ngg-album-desc' title='J\u00e4\u00e4kuju 2012'\n                       href='http:\/\/otspuu.ee\/en\/jaakuju\/nggallery\/jaakuju\/J\u00e4\u00e4kuju-2012'style=\"max-width: 240px\">J\u00e4\u00e4kuju 2012<\/a>\n            <\/h4>\n            <p class=\"ngg-album-gallery-image-counter\">\n                                    <strong>79<\/strong>&nbsp;Photos                            <\/p>\n        <\/div>\n            <div class=\"ngg-album-compact\">\n            <div class=\"ngg-album-compactbox\">\n                <div class=\"ngg-album-link\">\n                                        <a title='J\u00e4\u00e4kuju 2011'\n                       href='http:\/\/otspuu.ee\/en\/jaakuju\/nggallery\/jaakuju\/J\u00e4\u00e4kuju-2011'>\n                        <img class=\"Thumb\"\n                             alt=\"J\u00e4\u00e4kuju 2011\"\n                             src=\"http:\/\/otspuu.ee\/wp-content\/gallery\/J%C3%A4%C3%A4kuju-2011\/cache\/DSC00194.jpg-nggid041957-ngg0dyn-220x140x100-00f0w010c011r110f110r010t010.jpg\"\/>\n                    <\/a>\n                                    <\/div>\n            <\/div>\n                        <h4>\n                <a class='ngg-album-desc' title='J\u00e4\u00e4kuju 2011'\n                       href='http:\/\/otspuu.ee\/en\/jaakuju\/nggallery\/jaakuju\/J\u00e4\u00e4kuju-2011'style=\"max-width: 240px\">J\u00e4\u00e4kuju 2011<\/a>\n            <\/h4>\n            <p class=\"ngg-album-gallery-image-counter\">\n                                    <strong>35<\/strong>&nbsp;Photos                            <\/p>\n        <\/div>\n            <div class=\"ngg-album-compact\">\n            <div class=\"ngg-album-compactbox\">\n                <div class=\"ngg-album-link\">\n                                        <a title='J\u00e4\u00e4kuju 2010'\n                       href='http:\/\/otspuu.ee\/en\/jaakuju\/nggallery\/jaakuju\/J\u00e4\u00e4kuju-2010'>\n                        <img class=\"Thumb\"\n                             alt=\"J\u00e4\u00e4kuju 2010\"\n                             src=\"http:\/\/otspuu.ee\/wp-content\/gallery\/J%C3%A4%C3%A4kuju-2010\/cache\/OTS_1932_copy.jpg-nggid041805-ngg0dyn-220x140x100-00f0w010c011r110f110r010t010.jpg\"\/>\n                    <\/a>\n                                    <\/div>\n            <\/div>\n                        <h4>\n                <a class='ngg-album-desc' title='J\u00e4\u00e4kuju 2010'\n                       href='http:\/\/otspuu.ee\/en\/jaakuju\/nggallery\/jaakuju\/J\u00e4\u00e4kuju-2010'style=\"max-width: 240px\">J\u00e4\u00e4kuju 2010<\/a>\n            <\/h4>\n            <p class=\"ngg-album-gallery-image-counter\">\n                                    <strong>42<\/strong>&nbsp;Photos                            <\/p>\n        <\/div>\n        <br class=\"ngg-clear\"\/>\n    <div class='ngg-clear'><\/div><\/div>\n<\/p>\n","protected":false},"excerpt":{"rendered":"<p>OTS PUUT\u00d6\u00d6KODA O\u00dc first time organised the ice sculpture festival &#8220;J\u00c4\u00c4KUJU&#8221; (&#8220;Sculpture from ice&#8221;) on February 2010. This is a continue festival for PUUKUJU (wood sculpture festival) in winter. J\u00e4\u00e4kuju 2012 79&nbsp;Photos J\u00e4\u00e4kuju 2011 35&nbsp;Photos J\u00e4\u00e4kuju 2010 42&nbsp;Photos<\/p>\n","protected":false},"author":1,"featured_media":4470,"parent":0,"menu_order":0,"comment_status":"closed","ping_status":"closed","template":"","meta":{"ngg_post_thumbnail":0,"footnotes":""},"class_list":["post-2087","page","type-page","status-publish","has-post-thumbnail","hentry"],"_links":{"self":[{"href":"http:\/\/otspuu.ee\/en\/wp-json\/wp\/v2\/pages\/2087","targetHints":{"allow":["GET"]}}],"collection":[{"href":"http:\/\/otspuu.ee\/en\/wp-json\/wp\/v2\/pages"}],"about":[{"href":"http:\/\/otspuu.ee\/en\/wp-json\/wp\/v2\/types\/page"}],"author":[{"embeddable":true,"href":"http:\/\/otspuu.ee\/en\/wp-json\/wp\/v2\/users\/1"}],"replies":[{"embeddable":true,"href":"http:\/\/otspuu.ee\/en\/wp-json\/wp\/v2\/comments?post=2087"}],"version-history":[{"count":10,"href":"http:\/\/otspuu.ee\/en\/wp-json\/wp\/v2\/pages\/2087\/revisions"}],"predecessor-version":[{"id":6080,"href":"http:\/\/otspuu.ee\/en\/wp-json\/wp\/v2\/pages\/2087\/revisions\/6080"}],"wp:featuredmedia":[{"embeddable":true,"href":"http:\/\/otspuu.ee\/en\/wp-json\/wp\/v2\/media\/4470"}],"wp:attachment":[{"href":"http:\/\/otspuu.ee\/en\/wp-json\/wp\/v2\/media?parent=2087"}],"curies":[{"name":"wp","href":"https:\/\/api.w.org\/{rel}","templated":true}]}}